{"id":42,"date":"2022-05-06T20:23:30","date_gmt":"2022-05-06T20:23:30","guid":{"rendered":"https:\/\/meta-sillon.com\/?page_id=42"},"modified":"2023-07-03T18:49:40","modified_gmt":"2023-07-03T18:49:40","slug":"contact","status":"publish","type":"page","link":"https:\/\/meta-sillon.com\/?page_id=42","title":{"rendered":"Contact &#038; tarifs"},"content":{"rendered":"\t\t<div data-elementor-type=\"wp-page\" data-elementor-id=\"42\" class=\"elementor elementor-42\" data-elementor-settings=\"[]\">\n\t\t\t\t\t\t\t<div class=\"elementor-section-wrap\">\n\t\t\t\t\t\t\t<section class=\"elementor-section elementor-top-section elementor-element elementor-element-317f2542 elementor-section-boxed elementor-section-height-default elementor-section-height-default\" data-id=\"317f2542\" data-element_type=\"section\">\n\t\t\t\t\t\t<div class=\"elementor-container elementor-column-gap-default\">\n\t\t\t\t\t<div class=\"elementor-column elementor-col-100 elementor-top-column elementor-element elementor-element-6f7851b5\" data-id=\"6f7851b5\" data-element_type=\"column\">\n\t\t\t<div class=\"elementor-widget-wrap elementor-element-populated\">\n\t\t\t\t\t\t\t\t<div class=\"elementor-element elementor-element-d763668 elementor-widget elementor-widget-text-editor\" data-id=\"d763668\" data-element_type=\"widget\" data-widget_type=\"text-editor.default\">\n\t\t\t\t<div class=\"elementor-widget-container\">\n\t\t\t<style>\/*! elementor - v3.5.6 - 28-02-2022 *\/\n.elementor-widget-text-editor.elementor-drop-cap-view-stacked .elementor-drop-cap{background-color:#818a91;color:#fff}.elementor-widget-text-editor.elementor-drop-cap-view-framed .elementor-drop-cap{color:#818a91;border:3px solid;background-color:transparent}.elementor-widget-text-editor:not(.elementor-drop-cap-view-default) .elementor-drop-cap{margin-top:8px}.elementor-widget-text-editor:not(.elementor-drop-cap-view-default) .elementor-drop-cap-letter{width:1em;height:1em}.elementor-widget-text-editor .elementor-drop-cap{float:left;text-align:center;line-height:1;font-size:50px}.elementor-widget-text-editor .elementor-drop-cap-letter{display:inline-block}<\/style>\t\t\t\t<p><!-- wp:paragraph {\"align\":\"center\"} --><\/p>\n<p class=\"has-text-align-center\">Votre projet nous int\u00e9resse !<\/p>\n<p class=\"has-text-align-center\">Les tarifs pour la gravure de disques sont donn\u00e9s sur cette page : <a href=\"https:\/\/meta-sillon.com\/?page_id=1726\">Fabrication de Disques Vinyle<\/a><\/p>\n<p><!-- \/wp:paragraph --><\/p>\n<p><!-- wp:paragraph {\"align\":\"center\"} --><\/p>\n<p class=\"has-text-align-center\">Pour la num\u00e9risation et restauration de disques microsillon, 78 tours ou laque\/pyral, nos tarifs se font sur devis.<\/p>\n<p><!-- \/wp:paragraph --><\/p>\n<p><!-- wp:paragraph {\"align\":\"center\"} --><\/p>\n<p class=\"has-text-align-center\"><strong>Dans tous les cas, n&#8217;h\u00e9sitez pas \u00e0 nous envoyer un email \u00e0:<\/strong><\/p>\n<p><!-- \/wp:paragraph --><\/p>\n<p><!-- wp:paragraph {\"align\":\"center\"} --><\/p>\n<p class=\"has-text-align-center\"><strong>contact@meta-sillon.com<\/strong><\/p>\n<p><!-- \/wp:paragraph --><\/p>\n<p><!-- wp:paragraph --><\/p>\n<p>Nous sommes situ\u00e9s \u00e0 Rosny-sous-Bois, \u00e0 deux pas de Paris !<\/p>\n<p><!-- \/wp:paragraph --><\/p>\n<p><!-- wp:paragraph {\"align\":\"left\"} --><\/p>\n<p class=\"has-text-align-left\">\u00a0<\/p>\n<p><!-- \/wp:paragraph --><\/p>\n<p><!-- wp:paragraph --><\/p>\n<p><!-- \/wp:paragraph --><\/p>\t\t\t\t\t\t<\/div>\n\t\t\t\t<\/div>\n\t\t\t\t\t<\/div>\n\t\t<\/div>\n\t\t\t\t\t\t\t<\/div>\n\t\t<\/section>\n\t\t\t\t\t\t<\/div>\n\t\t\t\t\t<\/div>\n\t\t","protected":false},"excerpt":{"rendered":"<p>Votre projet nous int\u00e9resse ! Les tarifs pour la gravure de disques sont donn\u00e9s sur cette page : Fabrication de Disques Vinyle Pour la num\u00e9risation et restauration de disques microsillon, 78 tours ou laque\/pyral, nos tarifs se font sur devis. Dans tous les cas, n&#8217;h\u00e9sitez pas \u00e0 nous envoyer un email \u00e0: contact@meta-sillon.com Nous sommes &hellip; <\/p>\n<p class=\"link-more\"><a href=\"https:\/\/meta-sillon.com\/?page_id=42\" class=\"more-link\">Read more<span class=\"screen-reader-text\"> &#8220;Contact &#038; tarifs&#8221;<\/span><\/a><\/p>\n","protected":false},"author":1,"featured_media":0,"parent":0,"menu_order":8,"comment_status":"closed","ping_status":"closed","template":"","meta":{"spay_email":"","footnotes":""},"class_list":["post-42","page","type-page","status-publish","hentry"],"_links":{"self":[{"href":"https:\/\/meta-sillon.com\/index.php?rest_route=\/wp\/v2\/pages\/42","targetHints":{"allow":["GET"]}}],"collection":[{"href":"https:\/\/meta-sillon.com\/index.php?rest_route=\/wp\/v2\/pages"}],"about":[{"href":"https:\/\/meta-sillon.com\/index.php?rest_route=\/wp\/v2\/types\/page"}],"author":[{"embeddable":true,"href":"https:\/\/meta-sillon.com\/index.php?rest_route=\/wp\/v2\/users\/1"}],"replies":[{"embeddable":true,"href":"https:\/\/meta-sillon.com\/index.php?rest_route=%2Fwp%2Fv2%2Fcomments&post=42"}],"version-history":[{"count":32,"href":"https:\/\/meta-sillon.com\/index.php?rest_route=\/wp\/v2\/pages\/42\/revisions"}],"predecessor-version":[{"id":2263,"href":"https:\/\/meta-sillon.com\/index.php?rest_route=\/wp\/v2\/pages\/42\/revisions\/2263"}],"wp:attachment":[{"href":"https:\/\/meta-sillon.com\/index.php?rest_route=%2Fwp%2Fv2%2Fmedia&parent=42"}],"curies":[{"name":"wp","href":"https:\/\/api.w.org\/{rel}","templated":true}]}}