{"id":31,"date":"2022-03-15T17:57:39","date_gmt":"2022-03-15T17:57:39","guid":{"rendered":"https:\/\/meta-sillon.com\/?page_id=31"},"modified":"2024-12-31T13:22:33","modified_gmt":"2024-12-31T13:22:33","slug":"a-propos","status":"publish","type":"page","link":"https:\/\/meta-sillon.com\/?page_id=31","title":{"rendered":"Qui sommes-nous?"},"content":{"rendered":"\t\t<div data-elementor-type=\"wp-page\" data-elementor-id=\"31\" class=\"elementor elementor-31\" data-elementor-settings=\"[]\">\n\t\t\t\t\t\t\t<div class=\"elementor-section-wrap\">\n\t\t\t\t\t\t\t<section class=\"elementor-section elementor-top-section elementor-element elementor-element-6f3c4bb elementor-section-boxed elementor-section-height-default elementor-section-height-default\" data-id=\"6f3c4bb\" data-element_type=\"section\">\n\t\t\t\t\t\t<div class=\"elementor-container elementor-column-gap-default\">\n\t\t\t\t\t<div class=\"elementor-column elementor-col-100 elementor-top-column elementor-element elementor-element-3b81e24\" data-id=\"3b81e24\" data-element_type=\"column\">\n\t\t\t<div class=\"elementor-widget-wrap elementor-element-populated\">\n\t\t\t\t\t\t\t\t<div class=\"elementor-element elementor-element-29e62e4 elementor-position-top elementor-vertical-align-top elementor-widget elementor-widget-image-box\" data-id=\"29e62e4\" data-element_type=\"widget\" data-widget_type=\"image-box.default\">\n\t\t\t\t<div class=\"elementor-widget-container\">\n\t\t\t<style>\/*! elementor - v3.5.6 - 28-02-2022 *\/\n.elementor-widget-image-box .elementor-image-box-content{width:100%}@media (min-width:768px){.elementor-widget-image-box.elementor-position-left .elementor-image-box-wrapper,.elementor-widget-image-box.elementor-position-right .elementor-image-box-wrapper{display:-webkit-box;display:-ms-flexbox;display:flex}.elementor-widget-image-box.elementor-position-right .elementor-image-box-wrapper{text-align:right;-webkit-box-orient:horizontal;-webkit-box-direction:reverse;-ms-flex-direction:row-reverse;flex-direction:row-reverse}.elementor-widget-image-box.elementor-position-left .elementor-image-box-wrapper{text-align:left;-webkit-box-orient:horizontal;-webkit-box-direction:normal;-ms-flex-direction:row;flex-direction:row}.elementor-widget-image-box.elementor-position-top .elementor-image-box-img{margin:auto}.elementor-widget-image-box.elementor-vertical-align-top .elementor-image-box-wrapper{-webkit-box-align:start;-ms-flex-align:start;align-items:flex-start}.elementor-widget-image-box.elementor-vertical-align-middle .elementor-image-box-wrapper{-webkit-box-align:center;-ms-flex-align:center;align-items:center}.elementor-widget-image-box.elementor-vertical-align-bottom .elementor-image-box-wrapper{-webkit-box-align:end;-ms-flex-align:end;align-items:flex-end}}@media (max-width:767px){.elementor-widget-image-box .elementor-image-box-img{margin-left:auto!important;margin-right:auto!important;margin-bottom:15px}}.elementor-widget-image-box .elementor-image-box-img{display:inline-block}.elementor-widget-image-box .elementor-image-box-title a{color:inherit}.elementor-widget-image-box .elementor-image-box-wrapper{text-align:center}.elementor-widget-image-box .elementor-image-box-description{margin:0}<\/style><div class=\"elementor-image-box-wrapper\"><figure class=\"elementor-image-box-img\"><img loading=\"lazy\" decoding=\"async\" width=\"2075\" height=\"2560\" src=\"https:\/\/meta-sillon.com\/wp-content\/uploads\/2022\/04\/emiliano-crop1-scaled.jpg\" class=\"attachment-full size-full\" alt=\"\" \/><\/figure><div class=\"elementor-image-box-content\"><h3 class=\"elementor-image-box-title\">La passion du disque<\/h3><p class=\"elementor-image-box-description\">Meta-Sillon, c'est d'abord la passion d'<b>Emiliano Flores<\/b> pour les enregistrements sonores.<br><br>Apr\u00e8s des \u00e9tudes d'ing\u00e9nieur du son \u00e0 l'<b>Ecole Nationale Sup\u00e9rieure Louis Lumi\u00e8re<\/b> dont il sort dipl\u00f4m\u00e9 <b>en 2000<\/b>, Emiliano travaille un temps dans les studios parisiens; il s'en \u00e9loigne rapidement pour devenir l'ing\u00e9nieur du son attitr\u00e9 de plusieurs labels indie\/electronica \u00e0 tendance exp\u00e9rimentale. Parall\u00e8lement, il s'int\u00e9resse au son des enregistrements anciens et \u00e9tudie <b>les circuits \u00e9lectroniques<\/b> des pr\u00e9amplis, compresseurs et magn\u00e9tophones du pass\u00e9, dont il diss\u00e8que les entrailles et modifie les composants.<br><br><b>Insatiable m\u00e9lomane<\/b> aux go\u00fbts fortement h\u00e9t\u00e9roclites, explorateur de musique, Emiliano \u00e9cume les bacs des vides-greniers \u00e0 la recherche de p\u00e9pites sur disques vinyle et 78 tours, o\u00f9 les limitations physiques de l'enregistrement sur sillon sont sublim\u00e9es par la qualit\u00e9 des interpr\u00e9tations du pass\u00e9 et par le savoir-faire des ing\u00e9nieurs de prise de son et de gravure.<br>En 2010, il est recrut\u00e9 par les studios de num\u00e9risation et de restauration sonore de la <b>Biblioth\u00e8que Nationale de France<\/b>, o\u00f9 il reste trois ans avant de rejoindre l'\u00e9quipe de la soci\u00e9t\u00e9 Gecko, o\u00f9 il met en place et dirige le d\u00e9partement de restauration sonore. Il contribue \u00e0 des dizaines de projets de num\u00e9risation et de restauration sonore pour le compte d'institutions telles que l'<b>INA<\/b>,<b> la Cour Internationale de Justice, la BNF, la VRT<\/b> (Radio-T\u00e9l\u00e9vision Belge Flamande), <b>la RTS<\/b> (Radio-T\u00e9l\u00e9vision Suisse), mais aussi de <b>nombreux labels<\/b> tels que Universal Music, Peer Music, Born Bad Records, Libreville Records... <b>Des dizaines de milliers de disques<\/b> et bandes magn\u00e9tiques passent entre ses mains et ses oreilles expertes.<br><br>En point d'orgue de cette p\u00e9riode, Emiliano dirige la sauvegarde num\u00e9rique des enregistrements int\u00e9graux sur disques laque du <b>proc\u00e8s de Nuremberg<\/b>, d'une valeur historique inestimable.<br><br><b>En<\/b> <b>2022<\/b>, il d\u00e9cide de se mettre \u00e0 son compte afin de proposer des services de num\u00e9risation, de restauration sonore et de consultation des archives num\u00e9ris\u00e9es plus adapt\u00e9s \u00e0 un monde en perp\u00e9tuelle \u00e9volution :<b> Meta-Sillon est n\u00e9.<\/b><br><br><b>A partir de<\/b> <b>2023<\/b>, apr\u00e8s deux ans de recherche et d\u00e9veloppement, Meta-Sillon propose des prestations de <b>fabrication de disques <\/b>par gravure directe.<br><\/p><\/div><\/div>\t\t<\/div>\n\t\t\t\t<\/div>\n\t\t\t\t\t<\/div>\n\t\t<\/div>\n\t\t\t\t\t\t\t<\/div>\n\t\t<\/section>\n\t\t\t\t\t\t<\/div>\n\t\t\t\t\t<\/div>\n\t\t","protected":false},"excerpt":{"rendered":"<p>La passion du disque Meta-Sillon, c&#8217;est d&#8217;abord la passion d&#8217;Emiliano Flores pour les enregistrements sonores. Apr\u00e8s des \u00e9tudes d&#8217;ing\u00e9nieur du son \u00e0 l&#8217;Ecole Nationale Sup\u00e9rieure Louis Lumi\u00e8re dont il sort dipl\u00f4m\u00e9 en 2000, Emiliano travaille un temps dans les studios parisiens; il s&#8217;en \u00e9loigne rapidement pour devenir l&#8217;ing\u00e9nieur du son attitr\u00e9 de plusieurs labels indie\/electronica &hellip; <\/p>\n<p class=\"link-more\"><a href=\"https:\/\/meta-sillon.com\/?page_id=31\" class=\"more-link\">Read more<span class=\"screen-reader-text\"> &#8220;Qui sommes-nous?&#8221;<\/span><\/a><\/p>\n","protected":false},"author":1,"featured_media":0,"parent":0,"menu_order":7,"comment_status":"closed","ping_status":"closed","template":"","meta":{"spay_email":"","footnotes":""},"class_list":["post-31","page","type-page","status-publish","hentry"],"_links":{"self":[{"href":"https:\/\/meta-sillon.com\/index.php?rest_route=\/wp\/v2\/pages\/31","targetHints":{"allow":["GET"]}}],"collection":[{"href":"https:\/\/meta-sillon.com\/index.php?rest_route=\/wp\/v2\/pages"}],"about":[{"href":"https:\/\/meta-sillon.com\/index.php?rest_route=\/wp\/v2\/types\/page"}],"author":[{"embeddable":true,"href":"https:\/\/meta-sillon.com\/index.php?rest_route=\/wp\/v2\/users\/1"}],"replies":[{"embeddable":true,"href":"https:\/\/meta-sillon.com\/index.php?rest_route=%2Fwp%2Fv2%2Fcomments&post=31"}],"version-history":[{"count":103,"href":"https:\/\/meta-sillon.com\/index.php?rest_route=\/wp\/v2\/pages\/31\/revisions"}],"predecessor-version":[{"id":3232,"href":"https:\/\/meta-sillon.com\/index.php?rest_route=\/wp\/v2\/pages\/31\/revisions\/3232"}],"wp:attachment":[{"href":"https:\/\/meta-sillon.com\/index.php?rest_route=%2Fwp%2Fv2%2Fmedia&parent=31"}],"curies":[{"name":"wp","href":"https:\/\/api.w.org\/{rel}","templated":true}]}}