{"id":1726,"date":"2023-03-10T15:09:47","date_gmt":"2023-03-10T15:09:47","guid":{"rendered":"https:\/\/meta-sillon.com\/?page_id=1726"},"modified":"2026-02-06T19:29:46","modified_gmt":"2026-02-06T19:29:46","slug":"gravure-de-disques-vinyle","status":"publish","type":"page","link":"https:\/\/meta-sillon.com\/?page_id=1726","title":{"rendered":"Fabrication de disques vinyle"},"content":{"rendered":"\t\t<div data-elementor-type=\"wp-page\" data-elementor-id=\"1726\" class=\"elementor elementor-1726\" data-elementor-settings=\"[]\">\n\t\t\t\t\t\t\t<div class=\"elementor-section-wrap\">\n\t\t\t\t\t\t\t<section class=\"elementor-section elementor-top-section elementor-element elementor-element-a33ae3a elementor-section-boxed elementor-section-height-default elementor-section-height-default\" data-id=\"a33ae3a\" data-element_type=\"section\">\n\t\t\t\t\t\t<div class=\"elementor-container elementor-column-gap-no\">\n\t\t\t\t\t<div class=\"elementor-column elementor-col-100 elementor-top-column elementor-element elementor-element-844ea6c\" data-id=\"844ea6c\" data-element_type=\"column\">\n\t\t\t<div class=\"elementor-widget-wrap elementor-element-populated\">\n\t\t\t\t\t\t\t\t<div class=\"elementor-element elementor-element-38bc67a elementor-position-top elementor-vertical-align-top elementor-widget elementor-widget-image-box\" data-id=\"38bc67a\" data-element_type=\"widget\" data-widget_type=\"image-box.default\">\n\t\t\t\t<div class=\"elementor-widget-container\">\n\t\t\t<style>\/*! elementor - v3.5.6 - 28-02-2022 *\/\n.elementor-widget-image-box .elementor-image-box-content{width:100%}@media (min-width:768px){.elementor-widget-image-box.elementor-position-left .elementor-image-box-wrapper,.elementor-widget-image-box.elementor-position-right .elementor-image-box-wrapper{display:-webkit-box;display:-ms-flexbox;display:flex}.elementor-widget-image-box.elementor-position-right .elementor-image-box-wrapper{text-align:right;-webkit-box-orient:horizontal;-webkit-box-direction:reverse;-ms-flex-direction:row-reverse;flex-direction:row-reverse}.elementor-widget-image-box.elementor-position-left .elementor-image-box-wrapper{text-align:left;-webkit-box-orient:horizontal;-webkit-box-direction:normal;-ms-flex-direction:row;flex-direction:row}.elementor-widget-image-box.elementor-position-top .elementor-image-box-img{margin:auto}.elementor-widget-image-box.elementor-vertical-align-top .elementor-image-box-wrapper{-webkit-box-align:start;-ms-flex-align:start;align-items:flex-start}.elementor-widget-image-box.elementor-vertical-align-middle .elementor-image-box-wrapper{-webkit-box-align:center;-ms-flex-align:center;align-items:center}.elementor-widget-image-box.elementor-vertical-align-bottom .elementor-image-box-wrapper{-webkit-box-align:end;-ms-flex-align:end;align-items:flex-end}}@media (max-width:767px){.elementor-widget-image-box .elementor-image-box-img{margin-left:auto!important;margin-right:auto!important;margin-bottom:15px}}.elementor-widget-image-box .elementor-image-box-img{display:inline-block}.elementor-widget-image-box .elementor-image-box-title a{color:inherit}.elementor-widget-image-box .elementor-image-box-wrapper{text-align:center}.elementor-widget-image-box .elementor-image-box-description{margin:0}<\/style><div class=\"elementor-image-box-wrapper\"><figure class=\"elementor-image-box-img\"><img loading=\"lazy\" decoding=\"async\" width=\"2560\" height=\"1707\" src=\"https:\/\/meta-sillon.com\/wp-content\/uploads\/2023\/11\/noir-web-def-scaled.jpg\" class=\"attachment-full size-full\" alt=\"\" \/><\/figure><div class=\"elementor-image-box-content\"><h3 class=\"elementor-image-box-title\">Nous fabriquons vos disques<\/h3><p class=\"elementor-image-box-description\">Nous cr\u00e9ons des disques vinyle analogiques \u00e0 partir de vos fichiers audio.<br>Donnez \u00e0 votre musique la chaleur et le son caract\u00e9ristiques du vinyle !<\/p><\/div><\/div>\t\t<\/div>\n\t\t\t\t<\/div>\n\t\t\t\t<div class=\"elementor-element elementor-element-783081e elementor-position-top elementor-vertical-align-top elementor-widget elementor-widget-image-box\" data-id=\"783081e\" data-element_type=\"widget\" data-widget_type=\"image-box.default\">\n\t\t\t\t<div class=\"elementor-widget-container\">\n\t\t\t<div class=\"elementor-image-box-wrapper\"><figure class=\"elementor-image-box-img\"><img loading=\"lazy\" decoding=\"async\" width=\"1183\" height=\"789\" src=\"https:\/\/meta-sillon.com\/wp-content\/uploads\/2023\/11\/numa-web-def2.jpg\" class=\"attachment-full size-full\" alt=\"\" \/><\/figure><div class=\"elementor-image-box-content\"><h3 class=\"elementor-image-box-title\">Des disques faits pour durer<\/h3><p class=\"elementor-image-box-description\">Nos disques sont des \"lathe cuts\" grav\u00e9s dans un mat\u00e9riau de grande qualit\u00e9. Le rendu sonore de nos disques est tr\u00e8s proche de celui des disques press\u00e9s, avec un signal <u><b>st\u00e9r\u00e9ophonique<\/b><\/u>. Contrairement aux disques dubplates ou \"acetates\", nos disques sont aussi r\u00e9sistants dans le temps que les disques press\u00e9s. Manipul\u00e9s avec soin, ils peuvent \u00eatre lus un nombre infini de fois sans d\u00e9gradation de la qualit\u00e9 sonore.<\/p><\/div><\/div>\t\t<\/div>\n\t\t\t\t<\/div>\n\t\t\t\t<div class=\"elementor-element elementor-element-584da9a elementor-position-top elementor-vertical-align-top elementor-widget elementor-widget-image-box\" data-id=\"584da9a\" data-element_type=\"widget\" data-widget_type=\"image-box.default\">\n\t\t\t\t<div class=\"elementor-widget-container\">\n\t\t\t<div class=\"elementor-image-box-wrapper\"><figure class=\"elementor-image-box-img\"><img loading=\"lazy\" decoding=\"async\" width=\"2560\" height=\"1707\" src=\"https:\/\/meta-sillon.com\/wp-content\/uploads\/2023\/11\/vert-web-def-scaled.jpg\" class=\"attachment-full size-full\" alt=\"\" \/><\/figure><div class=\"elementor-image-box-content\"><h3 class=\"elementor-image-box-title\">Formats et couleurs<\/h3><p class=\"elementor-image-box-description\">Nous pouvons fabriquer des disques dans tous les formats classiques : 18cm, 25cm et 30cm, en 33T ou 45T (et m\u00eame 78T).<br>Nous produisons des disques <b>transparents, noirs, blancs<\/b>, ou <b>avec des visuels<\/b> (picture-discs).<br><br><u><b>PICTURE-DISCS<\/b><\/u><br>Nos picture-discs sont recto-verso et nous pouvons les fabriquer \u00e0 tous les formats, y compris 30cm (album)!<br>Les deux faces sont enregistr\u00e9es et un visuel distinct est visible sur chaque face. Les visuels peuvent \u00eatre opaques par impression sur fond blanc traditionnel ou translucides (effet vitrail). <br>Il est aussi possible pour les artistes de cr\u00e9er les visuels \u00e0 la main avec de la peinture, du marqueur, de la bombe a\u00e9rosol... Chaque exemplaire d'une s\u00e9rie peut \u00eatre unique !<br>Gr\u00e2ce \u00e0 notre proc\u00e9d\u00e9 unique de fabrication, la qualit\u00e9 sonore n'est pas impact\u00e9e par les visuels.<\/p><\/div><\/div>\t\t<\/div>\n\t\t\t\t<\/div>\n\t\t\t\t<div class=\"elementor-element elementor-element-7959eea elementor-position-top elementor-vertical-align-top elementor-widget elementor-widget-image-box\" data-id=\"7959eea\" data-element_type=\"widget\" data-widget_type=\"image-box.default\">\n\t\t\t\t<div class=\"elementor-widget-container\">\n\t\t\t<div class=\"elementor-image-box-wrapper\"><figure class=\"elementor-image-box-img\"><img loading=\"lazy\" decoding=\"async\" width=\"2560\" height=\"1707\" src=\"https:\/\/meta-sillon.com\/wp-content\/uploads\/2023\/11\/folks-web-def-scaled.jpg\" class=\"attachment-full size-full\" alt=\"\" \/><\/figure><div class=\"elementor-image-box-content\"><h3 class=\"elementor-image-box-title\">Quantit\u00e9s et d\u00e9lais<\/h3><p class=\"elementor-image-box-description\">Il n'y a pas de quantit\u00e9 minimum ni maximum pour une commande. Si vous re-commandez de nouveaux exemplaires d'une pr\u00e9c\u00e9dente commande, vous ne paierez pas le \"forfait pr\u00e9paration\" une seconde fois.<br>Nos disques sont exp\u00e9di\u00e9s typiquement 4-6 semaines apr\u00e8s la commande.<\/p><\/div><\/div>\t\t<\/div>\n\t\t\t\t<\/div>\n\t\t\t\t<div class=\"elementor-element elementor-element-2ec08f0 elementor-position-top elementor-vertical-align-top elementor-widget elementor-widget-image-box\" data-id=\"2ec08f0\" data-element_type=\"widget\" data-widget_type=\"image-box.default\">\n\t\t\t\t<div class=\"elementor-widget-container\">\n\t\t\t<div class=\"elementor-image-box-wrapper\"><figure class=\"elementor-image-box-img\"><img loading=\"lazy\" decoding=\"async\" width=\"2560\" height=\"1707\" src=\"https:\/\/meta-sillon.com\/wp-content\/uploads\/2023\/11\/atomic-web-def-scaled.jpg\" class=\"attachment-full size-full\" alt=\"\" \/><\/figure><div class=\"elementor-image-box-content\"><h3 class=\"elementor-image-box-title\">Pochettes<\/h3><p class=\"elementor-image-box-description\">Nous proposons de tr\u00e8s nombreuses options de packaging\/artwork (macarons, pochette int\u00e9rieure\/ext\u00e9rieure monochrome ou imprim\u00e9e, surpochette, discobag,...). Contactez-nous pour en discuter !<\/p><\/div><\/div>\t\t<\/div>\n\t\t\t\t<\/div>\n\t\t\t\t<div class=\"elementor-element elementor-element-e8ea7f9 elementor-position-top elementor-vertical-align-top elementor-widget elementor-widget-image-box\" data-id=\"e8ea7f9\" data-element_type=\"widget\" data-widget_type=\"image-box.default\">\n\t\t\t\t<div class=\"elementor-widget-container\">\n\t\t\t<div class=\"elementor-image-box-wrapper\"><figure class=\"elementor-image-box-img\"><img loading=\"lazy\" decoding=\"async\" width=\"2560\" height=\"1706\" src=\"https:\/\/meta-sillon.com\/wp-content\/uploads\/2023\/11\/blanc-web-def-scaled.jpg\" class=\"attachment-full size-full\" alt=\"\" \/><\/figure><div class=\"elementor-image-box-content\"><h3 class=\"elementor-image-box-title\">Nos tarifs TTC<\/h3><p class=\"elementor-image-box-description\">Tous nos disques sont en \u00e9paisseur 2mm. Nous ne fabriquons pas de disques plus fins car ceux-ci ont un rendu sonore de qualit\u00e9 inf\u00e9rieure.<br><br><u><b>Pour tous les disques, un forfait de pr\u00e9paration sera \u00e0 payer une seule fois au tarif :<\/b><br><b>(dur\u00e9e totale en min) x 1\u20ac<\/b><\/u><br><br><b>Ensuite, les tarifs suivants s'appliqueront :<\/b><br>---<br><b><u>DISQUES 7 INCH (diam\u00e8tre 17,4cm)<\/u><br>(dur\u00e9e max par face en 33T = 7:00 minutes \/ en 45T = 5:30 minutes)<\/b><br>- disque transparent, noir, ou blanc : 6\u20ac + (dur\u00e9e totale en min)x0,25\u20ac<br>- picture-disc : 11\u20ac + (dur\u00e9e totale en min)x0,25\u20ac<br>- macaron blanc vierge : 0,20\u20ac<br>- macaron imprim\u00e9 couleur : 0,30\u20ac<br>- sous-pochette : 0,20\u20ac<br>- sur-pochette fine en plastique transparent (sans rabat) : 0,20\u20ac<br>- pochette \u00e9paisse en plastique transparent avec rabat (id\u00e9al picture-disc) : 0,75\u20ac<br>- pochette ext\u00e9rieure cartonn\u00e9e blanche ou discobag : 0,65\u20ac<br>- pochette imprim\u00e9e couleur recto-verso (imprim\u00e9 200g\/m2 pli\u00e9 en deux) : 1\u20ac<br>---<br><b><u>DISQUES 10 INCH (diam\u00e8tre 25cm)<\/u><br>(dur\u00e9e max par face en 33T = 16:30 minutes \/ en 45T = 12:00 minutes)<\/b><br>- disque transparent, noir, ou blanc : 7\u20ac + (dur\u00e9e totale en min)x0,25\u20ac<br>- picture-disc : 13\u20ac + (dur\u00e9e totale en min)x0,25\u20ac<br>- macaron blanc vierge : 0,20\u20ac<br>- macaron imprim\u00e9 couleur : 0,30\u20ac<br>- sous-pochette : 0,40\u20ac<br>- sur-pochette fine en plastique transparent (sans rabat) : 0,40\u20ac<br>- pochette \u00e9paisse en plastique transparent avec rabat (id\u00e9al picture-disc) : 0,90\u20ac<br>- pochette ext\u00e9rieure cartonn\u00e9e blanche ou noire : 0,90\u20ac<br>- pochette imprim\u00e9e couleur recto-verso (2 imprim\u00e9s au format 26,5cmx26,5cm) : 2\u20ac<br>---<br><b><u>DISQUES 12 INCH (diam\u00e8tre 30cm)<\/u><br>(dur\u00e9e max par face en 33T = 22:00 minutes \/ en 45T = 16:30 minutes)<\/b><br>- disque transparent, noir, ou blanc : 8\u20ac + (dur\u00e9e totale en min)x0,25\u20ac<br>- picture-disc : 14,50\u20ac + (dur\u00e9e totale en min)x0,25\u20ac<br>- macaron blanc vierge : 0,20\u20ac<br>- macaron imprim\u00e9 couleur : 0,30\u20ac<br>- sous-pochette : 0,40\u20ac<br>- sur-pochette fine en plastique transparent (sans rabat) : 0,40\u20ac<br>- pochette \u00e9paisse en plastique transparent avec rabat (id\u00e9al picture-disc) : 1,10\u20ac<br>- pochette ext\u00e9rieure cartonn\u00e9e blanche ou noire : 0,90\u20ac<br>- pochette imprim\u00e9e couleur recto-verso (2 imprim\u00e9s au format 30cmx30cm coll\u00e9s sur une pochette cartonn\u00e9e) : 2,90\u20ac<br>---<br><b>Demandez votre devis d\u00e8s aujourd'hui !<br>contact@meta-sillon.com<\/b><br>---<br><b>Frais de port<\/b><br>Livraison gratuite sur Paris, Rosny-sous-Bois, Fontenay-sous-Bois, et Montreuil.<br>Autres destinations sur devis.<\/p><\/div><\/div>\t\t<\/div>\n\t\t\t\t<\/div>\n\t\t\t\t<div class=\"elementor-element elementor-element-8595f38 elementor-position-top elementor-vertical-align-top elementor-widget elementor-widget-image-box\" data-id=\"8595f38\" data-element_type=\"widget\" data-widget_type=\"image-box.default\">\n\t\t\t\t<div class=\"elementor-widget-container\">\n\t\t\t<div class=\"elementor-image-box-wrapper\"><figure class=\"elementor-image-box-img\"><img loading=\"lazy\" decoding=\"async\" width=\"2527\" height=\"1685\" src=\"https:\/\/meta-sillon.com\/wp-content\/uploads\/2023\/11\/violence-web-def.jpg\" class=\"attachment-full size-full\" alt=\"\" \/><\/figure><\/div>\t\t<\/div>\n\t\t\t\t<\/div>\n\t\t\t\t\t<\/div>\n\t\t<\/div>\n\t\t\t\t\t\t\t<\/div>\n\t\t<\/section>\n\t\t\t\t\t\t<\/div>\n\t\t\t\t\t<\/div>\n\t\t","protected":false},"excerpt":{"rendered":"<p>Nous fabriquons vos disques Nous cr\u00e9ons des disques vinyle analogiques \u00e0 partir de vos fichiers audio.Donnez \u00e0 votre musique la chaleur et le son caract\u00e9ristiques du vinyle ! Des disques faits pour durer Nos disques sont des &#8220;lathe cuts&#8221; grav\u00e9s dans un mat\u00e9riau de grande qualit\u00e9. Le rendu sonore de nos disques est tr\u00e8s proche &hellip; <\/p>\n<p class=\"link-more\"><a href=\"https:\/\/meta-sillon.com\/?page_id=1726\" class=\"more-link\">Read more<span class=\"screen-reader-text\"> &#8220;Fabrication de disques vinyle&#8221;<\/span><\/a><\/p>\n","protected":false},"author":1,"featured_media":0,"parent":0,"menu_order":1,"comment_status":"closed","ping_status":"closed","template":"","meta":{"spay_email":"","footnotes":""},"class_list":["post-1726","page","type-page","status-publish","hentry"],"_links":{"self":[{"href":"https:\/\/meta-sillon.com\/index.php?rest_route=\/wp\/v2\/pages\/1726","targetHints":{"allow":["GET"]}}],"collection":[{"href":"https:\/\/meta-sillon.com\/index.php?rest_route=\/wp\/v2\/pages"}],"about":[{"href":"https:\/\/meta-sillon.com\/index.php?rest_route=\/wp\/v2\/types\/page"}],"author":[{"embeddable":true,"href":"https:\/\/meta-sillon.com\/index.php?rest_route=\/wp\/v2\/users\/1"}],"replies":[{"embeddable":true,"href":"https:\/\/meta-sillon.com\/index.php?rest_route=%2Fwp%2Fv2%2Fcomments&post=1726"}],"version-history":[{"count":536,"href":"https:\/\/meta-sillon.com\/index.php?rest_route=\/wp\/v2\/pages\/1726\/revisions"}],"predecessor-version":[{"id":3420,"href":"https:\/\/meta-sillon.com\/index.php?rest_route=\/wp\/v2\/pages\/1726\/revisions\/3420"}],"wp:attachment":[{"href":"https:\/\/meta-sillon.com\/index.php?rest_route=%2Fwp%2Fv2%2Fmedia&parent=1726"}],"curies":[{"name":"wp","href":"https:\/\/api.w.org\/{rel}","templated":true}]}}